{"id":7573,"date":"2022-09-21T09:37:41","date_gmt":"2022-09-21T07:37:41","guid":{"rendered":"https:\/\/sinfoniavarsovia.org\/sklep\/?post_type=product&#038;p=7573"},"modified":"2025-09-27T19:59:44","modified_gmt":"2025-09-27T17:59:44","slug":"sdm-2022-torba","status":"publish","type":"product","link":"https:\/\/sinfoniavarsovia.org\/sklep\/produkt\/sdm-2022-torba\/","title":{"rendered":"Torba Szalone Dni Muzyki 2022"},"content":{"rendered":"<p>Materia\u0142owa torba z identyfikacj\u0105 festiwalu Szalone Dni Muzyki 2022.<\/p>\n<p>Wymiary: 52&#215;48<\/p>\n<p>D\u0142ugo\u015b\u0107 uchwytu: 70 cm<\/p>\n<p>&nbsp;<\/p>\n","protected":false},"excerpt":{"rendered":"<p>Materia\u0142owa torba z identyfikacj\u0105 festiwalu Szalone Dni Muzyki 2022. Wymiary: 52&#215;48 D\u0142ugo\u015b\u0107 uchwytu: 70 cm &nbsp;<\/p>\n","protected":false},"featured_media":7574,"template":"","meta":[],"product_cat":[7],"product_tag":[],"_links":{"self":[{"href":"https:\/\/sinfoniavarsovia.org\/sklep\/wp-json\/wp\/v2\/product\/7573"}],"collection":[{"href":"https:\/\/sinfoniavarsovia.org\/sklep\/wp-json\/wp\/v2\/product"}],"about":[{"href":"https:\/\/sinfoniavarsovia.org\/sklep\/wp-json\/wp\/v2\/types\/product"}],"wp:featuredmedia":[{"embeddable":true,"href":"https:\/\/sinfoniavarsovia.org\/sklep\/wp-json\/wp\/v2\/media\/7574"}],"wp:attachment":[{"href":"https:\/\/sinfoniavarsovia.org\/sklep\/wp-json\/wp\/v2\/media?parent=7573"}],"wp:term":[{"taxonomy":"product_cat","embeddable":true,"href":"https:\/\/sinfoniavarsovia.org\/sklep\/wp-json\/wp\/v2\/product_cat?post=7573"},{"taxonomy":"product_tag","embeddable":true,"href":"https:\/\/sinfoniavarsovia.org\/sklep\/wp-json\/wp\/v2\/product_tag?post=7573"}],"curies":[{"name":"wp","href":"https:\/\/api.w.org\/{rel}","templated":true}]}}