{"id":7522,"date":"2021-12-08T13:31:23","date_gmt":"2021-12-08T12:31:23","guid":{"rendered":"https:\/\/sinfoniavarsovia.org\/sklep\/?post_type=product&#038;p=7522"},"modified":"2021-12-13T09:59:48","modified_gmt":"2021-12-13T08:59:48","slug":"sinfonia-varsovia-chamber-way","status":"publish","type":"product","link":"https:\/\/sinfoniavarsovia.org\/sklep\/produkt\/sinfonia-varsovia-chamber-way\/","title":{"rendered":"Sinfonia Varsovia. Chamber Way"},"content":{"rendered":"<p><strong>Utwory:<\/strong><\/p>\n<p><strong>Witold Lutos\u0142awski<\/strong> <em>Wariacje na temat<\/em> Paganiniego (oprac. Roger Harvey)<br \/>\n<strong>Andrzej Panufnik<\/strong> Kwintet na instrumenty d\u0119te drewniane (<em>Quintetto accademico<\/em>) na flet, ob\u00f3j, dwa klarnety i fagot<br \/>\n<strong>Mieczys\u0142aw Wajnberg<\/strong> <em>Aria<\/em> na kwartet smyczkowy op. 9<br \/>\n<strong>Mieczys\u0142aw Wajnberg<\/strong> <em>Capriccio<\/em> na kwartet smyczkowy op. 11<br \/>\n<strong>Stanis\u0142aw Moniuszko<\/strong> <em>Ta\u0144ce g\u00f3ralskie<\/em> z opery <em>Halka<\/em> (oprac. Piotr Kami\u0144ski)<br \/>\n<strong>Gra\u017cyna Bacewicz<\/strong> Kwintet na instrumenty d\u0119te<br \/>\n<strong>Witold Lutos\u0142awski<\/strong> <em>Preludia taneczne<\/em> na 9 instrument\u00f3w<br \/>\n<strong>Henryk Wars<\/strong> <em>Wars Medley<\/em> (oprac. Mi\u0142osz Gawry\u0142kiewicz)<br \/>\n<strong>Czes\u0142aw Niemen<\/strong> <em>Sen o Warszawie<\/em><\/p>\n<p><strong>Wykonawcy:<\/strong><\/p>\n<p><a href=\"https:\/\/www.sinfoniavarsovia.org\/sinfonia-varsovia\/zespoly-kameralne\/sinfonia-varsovia-brass\/\"><strong>Sinfonia Varsovia Brass<\/strong><\/a><br \/>\n<a href=\"https:\/\/www.sinfoniavarsovia.org\/sinfonia-varsovia\/zespoly-kameralne\/sinfonia-varsovia-string-quintet\/\"><strong>Sinfonia Varsovia String Quintet<\/strong><\/a><br \/>\n<a href=\"https:\/\/www.sinfoniavarsovia.org\/sinfonia-varsovia\/zespoly-kameralne\/sinfonia-varsovia-wind-quintet\/\"><strong>Sinfonia Varsovia Wind Quintet<\/strong><\/a><\/p>\n<p>&nbsp;<\/p>\n<p>Sinfonia Varsovia, 2021<\/p>\n<p>Booklet do pobrania w formie <a href=\"https:\/\/sinfoniavarsovia.org\/sklep\/wp-content\/uploads\/2021\/12\/Chamber_way_booklet_internet.pdf\"><span style=\"text-decoration: underline;\">PDF<\/span><\/a>.<\/p>\n","protected":false},"excerpt":{"rendered":"<p>Utwory: Witold Lutos\u0142awski Wariacje na temat Paganiniego (oprac. Roger Harvey) Andrzej Panufnik Kwintet na instrumenty d\u0119te drewniane (Quintetto accademico) na flet, ob\u00f3j, dwa klarnety i fagot Mieczys\u0142aw Wajnberg Aria na kwartet smyczkowy op. 9 Mieczys\u0142aw Wajnberg Capriccio na kwartet smyczkowy op. 11 Stanis\u0142aw Moniuszko Ta\u0144ce g\u00f3ralskie z opery Halka (oprac. Piotr Kami\u0144ski) Gra\u017cyna Bacewicz Kwintet [&hellip;]<\/p>\n","protected":false},"featured_media":0,"template":"","meta":[],"product_cat":[49,36],"product_tag":[],"_links":{"self":[{"href":"https:\/\/sinfoniavarsovia.org\/sklep\/wp-json\/wp\/v2\/product\/7522"}],"collection":[{"href":"https:\/\/sinfoniavarsovia.org\/sklep\/wp-json\/wp\/v2\/product"}],"about":[{"href":"https:\/\/sinfoniavarsovia.org\/sklep\/wp-json\/wp\/v2\/types\/product"}],"wp:attachment":[{"href":"https:\/\/sinfoniavarsovia.org\/sklep\/wp-json\/wp\/v2\/media?parent=7522"}],"wp:term":[{"taxonomy":"product_cat","embeddable":true,"href":"https:\/\/sinfoniavarsovia.org\/sklep\/wp-json\/wp\/v2\/product_cat?post=7522"},{"taxonomy":"product_tag","embeddable":true,"href":"https:\/\/sinfoniavarsovia.org\/sklep\/wp-json\/wp\/v2\/product_tag?post=7522"}],"curies":[{"name":"wp","href":"https:\/\/api.w.org\/{rel}","templated":true}]}}