{"id":688,"date":"2019-09-23T12:12:49","date_gmt":"2019-09-23T10:12:49","guid":{"rendered":"http:\/\/sklep.estinet.atthouse.pl\/?post_type=product&#038;p=688"},"modified":"2022-12-12T11:09:39","modified_gmt":"2022-12-12T10:09:39","slug":"feliks-nowowiejski-malowanki-ludowe","status":"publish","type":"product","link":"https:\/\/sinfoniavarsovia.org\/sklep\/produkt\/feliks-nowowiejski-malowanki-ludowe\/","title":{"rendered":"Feliks Nowowiejski &#8211; Malowanki Ludowe"},"content":{"rendered":"<p><strong><u>Utwory<\/u><\/strong><\/p>\n<p><strong>Feliks Nowowiejski \u00a0<\/strong>Malowanki ludowe op. 18\u00a0<br \/>\nObraz I\u00a0\u2013 Poch\u00f3d weselny (Marsz)<br \/>\nObraz II \u2013 Malowanki ludowe (Kujawiaki i\u00a0Wyrwasy)<br \/>\nObraz III \u2013 Chmiel (Pie\u015b\u0144 i\u00a0taniec)<br \/>\nObraz IV \u2013 Oczepiny (Krakowiaki i\u00a0Wiwat)<br \/>\nObraz V \u2013 Obertasy<br \/>\nObraz VI \u2013 Fina\u0142<\/p>\n<p>&nbsp;<\/p>\n<p><strong><u>Wykonawcy<\/u><\/strong><\/p>\n<p><strong>Sinfonia Varsovia<\/strong><br \/>\n<strong>Ch\u00f3r Polskiego Radia<\/strong><br \/>\n<strong>Sebastian Per\u0142owski<\/strong>\u00a0dyrygent<\/p>\n<p>Orkiestra Sinfonia Varsovia \/ Warner Classics 01902 9 565 7895<\/p>\n<p>2018<\/p>\n","protected":false},"excerpt":{"rendered":"<p>Utwory Feliks Nowowiejski \u00a0Malowanki ludowe op. 18\u00a0 Obraz I\u00a0\u2013 Poch\u00f3d weselny (Marsz) Obraz II \u2013 Malowanki ludowe (Kujawiaki i\u00a0Wyrwasy) Obraz III \u2013 Chmiel (Pie\u015b\u0144 i\u00a0taniec) Obraz IV \u2013 Oczepiny (Krakowiaki i\u00a0Wiwat) Obraz V \u2013 Obertasy Obraz VI \u2013 Fina\u0142 &nbsp; Wykonawcy Sinfonia Varsovia Ch\u00f3r Polskiego Radia Sebastian Per\u0142owski\u00a0dyrygent Orkiestra Sinfonia Varsovia \/ Warner Classics 01902 [&hellip;]<\/p>\n","protected":false},"featured_media":0,"template":"","meta":[],"product_cat":[49,36],"product_tag":[],"_links":{"self":[{"href":"https:\/\/sinfoniavarsovia.org\/sklep\/wp-json\/wp\/v2\/product\/688"}],"collection":[{"href":"https:\/\/sinfoniavarsovia.org\/sklep\/wp-json\/wp\/v2\/product"}],"about":[{"href":"https:\/\/sinfoniavarsovia.org\/sklep\/wp-json\/wp\/v2\/types\/product"}],"wp:attachment":[{"href":"https:\/\/sinfoniavarsovia.org\/sklep\/wp-json\/wp\/v2\/media?parent=688"}],"wp:term":[{"taxonomy":"product_cat","embeddable":true,"href":"https:\/\/sinfoniavarsovia.org\/sklep\/wp-json\/wp\/v2\/product_cat?post=688"},{"taxonomy":"product_tag","embeddable":true,"href":"https:\/\/sinfoniavarsovia.org\/sklep\/wp-json\/wp\/v2\/product_tag?post=688"}],"curies":[{"name":"wp","href":"https:\/\/api.w.org\/{rel}","templated":true}]}}